{"id":988535,"date":"2017-04-26T15:09:48","date_gmt":"2017-04-26T15:09:48","guid":{"rendered":"https:\/\/atlasneedle.com\/ekibimiz\/"},"modified":"2023-07-03T12:35:18","modified_gmt":"2023-07-03T12:35:18","slug":"our-team","status":"publish","type":"page","link":"https:\/\/atlasneedle.com\/en\/our-team\/","title":{"rendered":"Our Team"},"content":{"rendered":"<div class=\"vgblk-rw-wrapper limit-wrapper\">\n\n\t\t\t\t\t\t\t<img width=\"1280\" height=\"1600\" src=\"https:\/\/atlasneedle.com\/wp-content\/uploads\/2022\/07\/WhatsApp-Image-2022-07-04-at-17.16.17.jpeg\" alt=\"\" decoding=\"async\" loading=\"lazy\" srcset=\"data:image\/svg+xml;utf8,&lt;svg%20xmlns=&quot;http:\/\/www.w3.org\/2000\/svg&quot;%20viewBox=&quot;0%200%201280%201600&quot;%20height=&quot;1600px&quot;%20width=&quot;1280px&quot;\/&gt;\" data-srcset=\"https:\/\/atlasneedle.com\/wp-content\/uploads\/2022\/07\/WhatsApp-Image-2022-07-04-at-17.16.17.jpeg 1280w, https:\/\/atlasneedle.com\/wp-content\/uploads\/2022\/07\/WhatsApp-Image-2022-07-04-at-17.16.17-240x300.jpeg 240w, https:\/\/atlasneedle.com\/wp-content\/uploads\/2022\/07\/WhatsApp-Image-2022-07-04-at-17.16.17-819x1024.jpeg 819w, https:\/\/atlasneedle.com\/wp-content\/uploads\/2022\/07\/WhatsApp-Image-2022-07-04-at-17.16.17-1229x1536.jpeg 1229w, https:\/\/atlasneedle.com\/wp-content\/uploads\/2022\/07\/WhatsApp-Image-2022-07-04-at-17.16.17-630x788@2x.jpeg 1260w, https:\/\/atlasneedle.com\/wp-content\/uploads\/2022\/07\/WhatsApp-Image-2022-07-04-at-17.16.17-315x394@2x.jpeg 630w, https:\/\/atlasneedle.com\/wp-content\/uploads\/2022\/07\/WhatsApp-Image-2022-07-04-at-17.16.17-420x525.jpeg 420w, https:\/\/atlasneedle.com\/wp-content\/uploads\/2022\/07\/WhatsApp-Image-2022-07-04-at-17.16.17-840x1050.jpeg 840w, https:\/\/atlasneedle.com\/wp-content\/uploads\/2022\/07\/WhatsApp-Image-2022-07-04-at-17.16.17-315x394.jpeg 315w, https:\/\/atlasneedle.com\/wp-content\/uploads\/2022\/07\/WhatsApp-Image-2022-07-04-at-17.16.17-240x300@2x.jpeg 480w\" sizes=\"auto, (max-width: 1280px) 100vw, 1280px\" \/>\t\t\t\n\t\t\t\t\t\t\t\t\t\t\t<a href=\"#\">&#58904;<\/a>\n\t\t\t\t\t\t\t\t\t\t\t<a href=\"#\">&#59717;<\/a>\n\t\t\t\t\t<h5>Honorary President<\/h5>\n\t\t<h3>\n\t\t\t\t\t\t\t\u0130rfan G\u00d6KLER\t\t\t\t\t<\/h3>\n\t\t\t\t\t<a href=\"tel:+90 (288) 512 06 89\" title=\"Call \u0130rfan G\u00d6KLER\">Tel: +90 (288) 512 06 89<\/a>\n\t\t\t\t\t\t\t<a href=\"mailto:irfan.gokler@tihiteks.com\" title=\"email \u0130rfan G\u00d6KLER\">irfan.gokler@tihiteks.com<\/a>\n\t\t\t\t\t\t\t<img width=\"1279\" height=\"1600\" src=\"https:\/\/atlasneedle.com\/wp-content\/uploads\/2022\/07\/WhatsApp-Image-2022-07-04-at-16.54.38.jpeg\" alt=\"\" decoding=\"async\" loading=\"lazy\" srcset=\"data:image\/svg+xml;utf8,&lt;svg%20xmlns=&quot;http:\/\/www.w3.org\/2000\/svg&quot;%20viewBox=&quot;0%200%201279%201600&quot;%20height=&quot;1600px&quot;%20width=&quot;1279px&quot;\/&gt;\" data-srcset=\"https:\/\/atlasneedle.com\/wp-content\/uploads\/2022\/07\/WhatsApp-Image-2022-07-04-at-16.54.38.jpeg 1279w, https:\/\/atlasneedle.com\/wp-content\/uploads\/2022\/07\/WhatsApp-Image-2022-07-04-at-16.54.38-240x300.jpeg 240w, https:\/\/atlasneedle.com\/wp-content\/uploads\/2022\/07\/WhatsApp-Image-2022-07-04-at-16.54.38-819x1024.jpeg 819w, https:\/\/atlasneedle.com\/wp-content\/uploads\/2022\/07\/WhatsApp-Image-2022-07-04-at-16.54.38-1228x1536.jpeg 1228w, https:\/\/atlasneedle.com\/wp-content\/uploads\/2022\/07\/WhatsApp-Image-2022-07-04-at-16.54.38-630x788@2x.jpeg 1260w, https:\/\/atlasneedle.com\/wp-content\/uploads\/2022\/07\/WhatsApp-Image-2022-07-04-at-16.54.38-315x394@2x.jpeg 630w, https:\/\/atlasneedle.com\/wp-content\/uploads\/2022\/07\/WhatsApp-Image-2022-07-04-at-16.54.38-420x525.jpeg 420w, https:\/\/atlasneedle.com\/wp-content\/uploads\/2022\/07\/WhatsApp-Image-2022-07-04-at-16.54.38-840x1051.jpeg 840w, https:\/\/atlasneedle.com\/wp-content\/uploads\/2022\/07\/WhatsApp-Image-2022-07-04-at-16.54.38-315x394.jpeg 315w, https:\/\/atlasneedle.com\/wp-content\/uploads\/2022\/07\/WhatsApp-Image-2022-07-04-at-16.54.38-240x300@2x.jpeg 480w\" sizes=\"auto, (max-width: 1279px) 100vw, 1279px\" \/>\t\t\t\n\t\t\t\t\t\t\t\t\t\t\t<a href=\"#\">&#58904;<\/a>\n\t\t\t\t\t\t\t\t\t\t\t<a href=\"#\">&#59717;<\/a>\n\t\t\t\t\t<h5>Chairman of the Board<\/h5>\n\t\t<h3>\n\t\t\t\t\t\t\tNe\u015fe BALLI\t\t\t\t\t<\/h3>\n\t\t\t\t\t<a href=\"tel:+90 (288) 512 06 89\" title=\"Call Ne\u015fe BALLI\">Tel: +90 (288) 512 06 89<\/a>\n\t\t\t\t\t\t\t<a href=\"mailto:nese.balli@atlasneedle.com\" title=\"email Ne\u015fe BALLI\">nese.balli@atlasneedle.com<\/a>\n\t\t\t\t\t\t\t<img width=\"1279\" height=\"1600\" src=\"https:\/\/atlasneedle.com\/wp-content\/uploads\/2022\/07\/WhatsApp-Image-2022-07-04-at-16.54.38-1.jpeg\" alt=\"\" decoding=\"async\" loading=\"lazy\" srcset=\"data:image\/svg+xml;utf8,&lt;svg%20xmlns=&quot;http:\/\/www.w3.org\/2000\/svg&quot;%20viewBox=&quot;0%200%201279%201600&quot;%20height=&quot;1600px&quot;%20width=&quot;1279px&quot;\/&gt;\" data-srcset=\"https:\/\/atlasneedle.com\/wp-content\/uploads\/2022\/07\/WhatsApp-Image-2022-07-04-at-16.54.38-1.jpeg 1279w, https:\/\/atlasneedle.com\/wp-content\/uploads\/2022\/07\/WhatsApp-Image-2022-07-04-at-16.54.38-1-240x300.jpeg 240w, https:\/\/atlasneedle.com\/wp-content\/uploads\/2022\/07\/WhatsApp-Image-2022-07-04-at-16.54.38-1-819x1024.jpeg 819w, https:\/\/atlasneedle.com\/wp-content\/uploads\/2022\/07\/WhatsApp-Image-2022-07-04-at-16.54.38-1-1228x1536.jpeg 1228w, https:\/\/atlasneedle.com\/wp-content\/uploads\/2022\/07\/WhatsApp-Image-2022-07-04-at-16.54.38-1-630x788@2x.jpeg 1260w, https:\/\/atlasneedle.com\/wp-content\/uploads\/2022\/07\/WhatsApp-Image-2022-07-04-at-16.54.38-1-315x394@2x.jpeg 630w, https:\/\/atlasneedle.com\/wp-content\/uploads\/2022\/07\/WhatsApp-Image-2022-07-04-at-16.54.38-1-420x525.jpeg 420w, https:\/\/atlasneedle.com\/wp-content\/uploads\/2022\/07\/WhatsApp-Image-2022-07-04-at-16.54.38-1-840x1051.jpeg 840w, https:\/\/atlasneedle.com\/wp-content\/uploads\/2022\/07\/WhatsApp-Image-2022-07-04-at-16.54.38-1-315x394.jpeg 315w, https:\/\/atlasneedle.com\/wp-content\/uploads\/2022\/07\/WhatsApp-Image-2022-07-04-at-16.54.38-1-240x300@2x.jpeg 480w\" sizes=\"auto, (max-width: 1279px) 100vw, 1279px\" \/>\t\t\t\n\t\t\t\t\t\t\t\t\t\t\t<a href=\"#\">&#58904;<\/a>\n\t\t\t\t\t\t\t\t\t\t\t<a href=\"#\">&#59717;<\/a>\n\t\t\t\t\t<h5>Board Member<\/h5>\n\t\t<h3>\n\t\t\t\t\t\t\tBet\u00fcl TEKER\t\t\t\t\t<\/h3>\n\t\t\t\t\t<a href=\"tel:+90 (212) 613 40 97\" title=\"Call Bet\u00fcl TEKER\">Tel: +90 (212) 613 40 97<\/a>\n\t\t\t\t\t\t\t<a href=\"mailto:betul.teker@atlasneedle.com\" title=\"email Bet\u00fcl TEKER\">betul.teker@atlasneedle.com<\/a>\n\t\t\t\t\t\t\t<img width=\"1280\" height=\"1600\" src=\"https:\/\/atlasneedle.com\/wp-content\/uploads\/2022\/07\/WhatsApp-Image-2022-07-04-at-16.54.38-2.jpeg\" alt=\"\" decoding=\"async\" loading=\"lazy\" srcset=\"data:image\/svg+xml;utf8,&lt;svg%20xmlns=&quot;http:\/\/www.w3.org\/2000\/svg&quot;%20viewBox=&quot;0%200%201280%201600&quot;%20height=&quot;1600px&quot;%20width=&quot;1280px&quot;\/&gt;\" data-srcset=\"https:\/\/atlasneedle.com\/wp-content\/uploads\/2022\/07\/WhatsApp-Image-2022-07-04-at-16.54.38-2.jpeg 1280w, https:\/\/atlasneedle.com\/wp-content\/uploads\/2022\/07\/WhatsApp-Image-2022-07-04-at-16.54.38-2-240x300.jpeg 240w, https:\/\/atlasneedle.com\/wp-content\/uploads\/2022\/07\/WhatsApp-Image-2022-07-04-at-16.54.38-2-819x1024.jpeg 819w, https:\/\/atlasneedle.com\/wp-content\/uploads\/2022\/07\/WhatsApp-Image-2022-07-04-at-16.54.38-2-1229x1536.jpeg 1229w, https:\/\/atlasneedle.com\/wp-content\/uploads\/2022\/07\/WhatsApp-Image-2022-07-04-at-16.54.38-2-630x788@2x.jpeg 1260w, https:\/\/atlasneedle.com\/wp-content\/uploads\/2022\/07\/WhatsApp-Image-2022-07-04-at-16.54.38-2-315x394@2x.jpeg 630w, https:\/\/atlasneedle.com\/wp-content\/uploads\/2022\/07\/WhatsApp-Image-2022-07-04-at-16.54.38-2-420x525.jpeg 420w, https:\/\/atlasneedle.com\/wp-content\/uploads\/2022\/07\/WhatsApp-Image-2022-07-04-at-16.54.38-2-840x1050.jpeg 840w, https:\/\/atlasneedle.com\/wp-content\/uploads\/2022\/07\/WhatsApp-Image-2022-07-04-at-16.54.38-2-315x394.jpeg 315w, https:\/\/atlasneedle.com\/wp-content\/uploads\/2022\/07\/WhatsApp-Image-2022-07-04-at-16.54.38-2-240x300@2x.jpeg 480w\" sizes=\"auto, (max-width: 1280px) 100vw, 1280px\" \/>\t\t\t\n\t\t\t\t\t\t\t\t\t\t\t<a href=\"#\">&#58904;<\/a>\n\t\t\t\t\t\t\t\t\t\t\t<a href=\"#\">&#59717;<\/a>\n\t\t\t\t\t<h5>Board Member<\/h5>\n\t\t<h3>\n\t\t\t\t\t\t\tEsra B\u00d6KER\t\t\t\t\t<\/h3>\n\t\t\t\t\t<a href=\"tel:+90 (288) 512 06 89\" title=\"Call Esra B\u00d6KER\">Tel: +90 (288) 512 06 89<\/a>\n\t\t\t\t\t\t\t<a href=\"mailto:esra.boker@atlasneedle.com\" title=\"email Esra B\u00d6KER\">esra.boker@atlasneedle.com<\/a>\n\t\t\t\t\t\t\t<img width=\"1280\" height=\"1600\" src=\"https:\/\/atlasneedle.com\/wp-content\/uploads\/2022\/07\/WhatsApp-Image-2022-07-04-at-16.54.38-3.jpeg\" alt=\"\" decoding=\"async\" loading=\"lazy\" srcset=\"data:image\/svg+xml;utf8,&lt;svg%20xmlns=&quot;http:\/\/www.w3.org\/2000\/svg&quot;%20viewBox=&quot;0%200%201280%201600&quot;%20height=&quot;1600px&quot;%20width=&quot;1280px&quot;\/&gt;\" data-srcset=\"https:\/\/atlasneedle.com\/wp-content\/uploads\/2022\/07\/WhatsApp-Image-2022-07-04-at-16.54.38-3.jpeg 1280w, https:\/\/atlasneedle.com\/wp-content\/uploads\/2022\/07\/WhatsApp-Image-2022-07-04-at-16.54.38-3-240x300.jpeg 240w, https:\/\/atlasneedle.com\/wp-content\/uploads\/2022\/07\/WhatsApp-Image-2022-07-04-at-16.54.38-3-819x1024.jpeg 819w, https:\/\/atlasneedle.com\/wp-content\/uploads\/2022\/07\/WhatsApp-Image-2022-07-04-at-16.54.38-3-1229x1536.jpeg 1229w, https:\/\/atlasneedle.com\/wp-content\/uploads\/2022\/07\/WhatsApp-Image-2022-07-04-at-16.54.38-3-630x788@2x.jpeg 1260w, https:\/\/atlasneedle.com\/wp-content\/uploads\/2022\/07\/WhatsApp-Image-2022-07-04-at-16.54.38-3-315x394@2x.jpeg 630w, https:\/\/atlasneedle.com\/wp-content\/uploads\/2022\/07\/WhatsApp-Image-2022-07-04-at-16.54.38-3-420x525.jpeg 420w, https:\/\/atlasneedle.com\/wp-content\/uploads\/2022\/07\/WhatsApp-Image-2022-07-04-at-16.54.38-3-840x1050.jpeg 840w, https:\/\/atlasneedle.com\/wp-content\/uploads\/2022\/07\/WhatsApp-Image-2022-07-04-at-16.54.38-3-315x394.jpeg 315w, https:\/\/atlasneedle.com\/wp-content\/uploads\/2022\/07\/WhatsApp-Image-2022-07-04-at-16.54.38-3-240x300@2x.jpeg 480w\" sizes=\"auto, (max-width: 1280px) 100vw, 1280px\" \/>\t\t\t\n\t\t\t\t\t<h5>Managing Director<\/h5>\n\t\t<h3>\n\t\t\t\t\t\t\tEmre \u00d6ZKAN\t\t\t\t\t<\/h3>\n\t\t\t\t\t<a href=\"tel:+90 (288) 512 06 89\" title=\"Call Emre \u00d6ZKAN\">Tel: +90 (288) 512 06 89<\/a>\n\t\t\t\t\t\t\t<a href=\"mailto:emre.ozkan@atlasneedle.com\" title=\"email Emre \u00d6ZKAN\">emre.ozkan@atlasneedle.com<\/a>\n\t\t\t\t<a href=\"https:\/\/nex.vamtam.com\/\" target=\"_self\" itemprop=\"url\" title=\"Ba\u015fl\u0131ks\u0131z-3\" rel=\"noopener\">\n\t\t\t\t\t\t\t<img decoding=\"async\" loading=\"lazy\" src=\"https:\/\/atlasneedle.com\/wp-content\/uploads\/2017\/07\/Basliksiz-3.png\" alt=\"Ba\u015fl\u0131ks\u0131z-3\" itemprop=\"image\" height=\"92\" width=\"475\" data-link-type=\"url\" title=\"Ba\u015fl\u0131ks\u0131z-3\" onerror=\"this.style.display='none'\"  sizes=\"auto, (max-width: 768px) 100vw, 100vw\" srcset=\"data:image\/svg+xml;utf8,&lt;svg%20xmlns=&quot;http:\/\/www.w3.org\/2000\/svg&quot;%20viewBox=&quot;0%200%20475%2092&quot;%20height=&quot;92px&quot;%20width=&quot;475px&quot;\/&gt;\" data-srcset=\"https:\/\/atlasneedle.com\/wp-content\/uploads\/2017\/07\/Basliksiz-3.png 475w, https:\/\/atlasneedle.com\/wp-content\/uploads\/2017\/07\/Basliksiz-3-300x58.png 300w, https:\/\/atlasneedle.com\/wp-content\/uploads\/2017\/07\/Basliksiz-3-420x81.png 420w, https:\/\/atlasneedle.com\/wp-content\/uploads\/2017\/07\/Basliksiz-3-315x61.png 315w\" \/>\t\t\t\t\t\t<\/a>\n\t<a href=\"\/en\/contact\" target=\"_self\" role=\"button\" rel=\"noopener\">\n\t\t\t\t\tContact\n\t<\/a>\n\t<h4><strong>Our Istanbul Office<\/strong><\/h4>\n<h5>\n\tAddress\n\t<\/h5>\n\t<p>\u00c7iftehavuzlar Cad. 1. Zer San. Sit. B Blok No: 25\/R Bayrampa\u015fa &#8211; Istanbul \/ Turkey<\/p>\n<h5>\n\tContact information\n\t<\/h5>\n\t<p>+90 212 613 40 97<\/p>\n<p>contact@atlasneedle.com<\/p>\n\t<h4><strong>Our Factory<\/strong><\/h4>\n<h5>\n\tAddress\n\t<\/h5>\n\t<p>Cumhuriyet Mah. Yeni San. Alan\u0131 555. Sok. No: 5 Babaeski &#8211; K\u0131rklareli \/ Turkey<\/p>\n<h5>\n\tContact information\n\t<\/h5>\n\t<p>+90 288 512 06 89<\/p>\n<p>contact@atlasneedle.com<\/p>\n\t<p><img loading=\"lazy\" decoding=\"async\" src=\"https:\/\/atlasneedle.com\/wp-content\/uploads\/2022\/07\/Artboard_en.png\" alt=\"\" width=\"662\" height=\"61\" \/><\/p>\n\n<\/div><!-- .vgblk-rw-wrapper -->","protected":false},"excerpt":{"rendered":"<p>&#58904; &#59717; Honorary President \u0130rfan G\u00d6KLER Tel: +90 (288) 512 06 89 irfan.gokler@tihiteks.com &#58904; &#59717; Chairman of the Board Ne\u015fe BALLI Tel: +90 (288) 512 06 89 nese.balli@atlasneedle.com &#58904; &#59717; Board Member Bet\u00fcl TEKER Tel: +90 (212) 613 40 97 betul.teker@atlasneedle.com &#58904; &#59717; Board Member Esra B\u00d6KER Tel: +90 (288) 512 06 89 esra.boker@atlasneedle.com Managing&#8230;<\/p>\n","protected":false},"author":1,"featured_media":0,"parent":0,"menu_order":0,"comment_status":"closed","ping_status":"closed","template":"","meta":{"inline_featured_image":false,"footnotes":""},"class_list":["post-988535","page","type-page","status-publish","hentry"],"_links":{"self":[{"href":"https:\/\/atlasneedle.com\/en\/wp-json\/wp\/v2\/pages\/988535","targetHints":{"allow":["GET"]}}],"collection":[{"href":"https:\/\/atlasneedle.com\/en\/wp-json\/wp\/v2\/pages"}],"about":[{"href":"https:\/\/atlasneedle.com\/en\/wp-json\/wp\/v2\/types\/page"}],"author":[{"embeddable":true,"href":"https:\/\/atlasneedle.com\/en\/wp-json\/wp\/v2\/users\/1"}],"replies":[{"embeddable":true,"href":"https:\/\/atlasneedle.com\/en\/wp-json\/wp\/v2\/comments?post=988535"}],"version-history":[{"count":11,"href":"https:\/\/atlasneedle.com\/en\/wp-json\/wp\/v2\/pages\/988535\/revisions"}],"predecessor-version":[{"id":988944,"href":"https:\/\/atlasneedle.com\/en\/wp-json\/wp\/v2\/pages\/988535\/revisions\/988944"}],"wp:attachment":[{"href":"https:\/\/atlasneedle.com\/en\/wp-json\/wp\/v2\/media?parent=988535"}],"curies":[{"name":"wp","href":"https:\/\/api.w.org\/{rel}","templated":true}]}}