{"id":988528,"date":"2017-07-31T13:05:22","date_gmt":"2017-07-31T13:05:22","guid":{"rendered":"https:\/\/atlasneedle.com\/hikayemiz\/"},"modified":"2022-11-23T09:21:39","modified_gmt":"2022-11-23T09:21:39","slug":"our-story","status":"publish","type":"page","link":"https:\/\/atlasneedle.com\/en\/our-story\/","title":{"rendered":"Our Story"},"content":{"rendered":"<div class=\"vgblk-rw-wrapper limit-wrapper\">\n\n\t<meta itemprop=\"url\" content=\"https:\/\/atlasneedle.com\/wp-content\/uploads\/2022\/11\/atlas-logo-degisimi.mp4\" \/><div style=\"width: 640px;\" class=\"wp-video\"><video class=\"wp-video-shortcode\" id=\"video-988528-1\" width=\"640\" height=\"360\" preload=\"metadata\" controls=\"controls\"><source type=\"video\/mp4\" src=\"https:\/\/atlasneedle.com\/wp-content\/uploads\/2022\/11\/atlas-logo-degisimi.mp4?_=1\" \/><a href=\"https:\/\/atlasneedle.com\/wp-content\/uploads\/2022\/11\/atlas-logo-degisimi.mp4\">https:\/\/atlasneedle.com\/wp-content\/uploads\/2022\/11\/atlas-logo-degisimi.mp4<\/a><\/video><\/div>\n\t<h3><strong>Three things can change the world: human, good idea,\u00a0and\u00a0hard\u00a0work.<\/strong><\/h3>\n<p>With the power that we get from production, we combine the speed and flexibility that we have with innovation. Under the leadership of the our founder Mr. \u0130rfan G\u00f6kler who opened this path way for us, everyday we are moving forward with our better and open to innovation vision.<\/p>\n<h3><strong>Stronger than the others<\/strong><\/h3>\n<p>With the experience and knowledge that Mr. G\u00f6kler has, we are working to create solutions for our valuable business partners and more sustainable World. Today we are manufacturing sinker and needle for the every Textile knitting machines at every point of the World and we are proud of it. With our experienced staff, under the principle of durableness and innovation, we are adding value to the sector by being first and only in Turkey, and by being one of the prominent in the World.<\/p>\n\n\n\t\t\t\t<a href=\"https:\/\/nex.vamtam.com\/\" target=\"_self\" itemprop=\"url\" title=\"Ba\u015fl\u0131ks\u0131z-3\" rel=\"noopener\">\n\t\t\t\t\t\t\t<img decoding=\"async\" loading=\"lazy\" src=\"https:\/\/atlasneedle.com\/wp-content\/uploads\/2017\/07\/Basliksiz-3.png\" alt=\"Ba\u015fl\u0131ks\u0131z-3\" itemprop=\"image\" height=\"92\" width=\"475\" data-link-type=\"url\" title=\"Ba\u015fl\u0131ks\u0131z-3\" onerror=\"this.style.display='none'\"  sizes=\"auto, (max-width: 768px) 100vw, 100vw\" srcset=\"data:image\/svg+xml;utf8,&lt;svg%20xmlns=&quot;http:\/\/www.w3.org\/2000\/svg&quot;%20viewBox=&quot;0%200%20475%2092&quot;%20height=&quot;92px&quot;%20width=&quot;475px&quot;\/&gt;\" data-srcset=\"https:\/\/atlasneedle.com\/wp-content\/uploads\/2017\/07\/Basliksiz-3.png 475w, https:\/\/atlasneedle.com\/wp-content\/uploads\/2017\/07\/Basliksiz-3-300x58.png 300w, https:\/\/atlasneedle.com\/wp-content\/uploads\/2017\/07\/Basliksiz-3-420x81.png 420w, https:\/\/atlasneedle.com\/wp-content\/uploads\/2017\/07\/Basliksiz-3-315x61.png 315w\" \/>\t\t\t\t\t\t<\/a>\n\t<a href=\"\/en\/contact\" target=\"_self\" role=\"button\" rel=\"noopener\">\n\t\t\t\t\tContact\n\t<\/a>\n\t<h4><strong>Our Istanbul Office<\/strong><\/h4>\n<h5>\n\tAddress\n\t<\/h5>\n\t<p>\u00c7iftehavuzlar Cad. 1. Zer San. Sit. B Blok No: 25\/R Bayrampa\u015fa &#8211; Istanbul \/ Turkey<\/p>\n<h5>\n\tContact information\n\t<\/h5>\n\t<p>+90 212 613 40 97<\/p>\n<p>contact@atlasneedle.com<\/p>\n\t<h4><strong>Our Factory<\/strong><\/h4>\n<h5>\n\tAddress\n\t<\/h5>\n\t<p>Cumhuriyet Mah. Yeni San. Alan\u0131 555. Sok. No: 5 Babaeski &#8211; K\u0131rklareli \/ Turkey<\/p>\n<h5>\n\tContact information\n\t<\/h5>\n\t<p>+90 288 512 06 89<\/p>\n<p>contact@atlasneedle.com<\/p>\n\t<p><img loading=\"lazy\" decoding=\"async\" src=\"https:\/\/atlasneedle.com\/wp-content\/uploads\/2022\/07\/Artboard_en.png\" alt=\"\" width=\"662\" height=\"61\" \/><\/p>\n\n<\/div><!-- .vgblk-rw-wrapper -->","protected":false},"excerpt":{"rendered":"<p>Three things can change the world: human, good idea,\u00a0and\u00a0hard\u00a0work. With the power that we get from production, we combine the speed and flexibility that we have with innovation. Under the leadership of the our founder Mr. \u0130rfan G\u00f6kler who opened this path way for us, everyday we are moving forward with our better and open&#8230;<\/p>\n","protected":false},"author":1,"featured_media":0,"parent":0,"menu_order":0,"comment_status":"closed","ping_status":"closed","template":"","meta":{"inline_featured_image":false,"footnotes":""},"class_list":["post-988528","page","type-page","status-publish","hentry"],"_links":{"self":[{"href":"https:\/\/atlasneedle.com\/en\/wp-json\/wp\/v2\/pages\/988528","targetHints":{"allow":["GET"]}}],"collection":[{"href":"https:\/\/atlasneedle.com\/en\/wp-json\/wp\/v2\/pages"}],"about":[{"href":"https:\/\/atlasneedle.com\/en\/wp-json\/wp\/v2\/types\/page"}],"author":[{"embeddable":true,"href":"https:\/\/atlasneedle.com\/en\/wp-json\/wp\/v2\/users\/1"}],"replies":[{"embeddable":true,"href":"https:\/\/atlasneedle.com\/en\/wp-json\/wp\/v2\/comments?post=988528"}],"version-history":[{"count":17,"href":"https:\/\/atlasneedle.com\/en\/wp-json\/wp\/v2\/pages\/988528\/revisions"}],"predecessor-version":[{"id":988938,"href":"https:\/\/atlasneedle.com\/en\/wp-json\/wp\/v2\/pages\/988528\/revisions\/988938"}],"wp:attachment":[{"href":"https:\/\/atlasneedle.com\/en\/wp-json\/wp\/v2\/media?parent=988528"}],"curies":[{"name":"wp","href":"https:\/\/api.w.org\/{rel}","templated":true}]}}