{"id":988524,"date":"2017-04-21T10:20:39","date_gmt":"2017-04-21T10:20:39","guid":{"rendered":"https:\/\/atlasneedle.com\/firmamiz\/"},"modified":"2022-07-26T11:12:25","modified_gmt":"2022-07-26T11:12:25","slug":"our-company","status":"publish","type":"page","link":"https:\/\/atlasneedle.com\/en\/our-company\/","title":{"rendered":"Our company"},"content":{"rendered":"<div class=\"vgblk-rw-wrapper limit-wrapper\">\n<h2>\n\tThe first and only in <strong>T\u00fcrkiye!<\/strong>\n\t<\/h2>\n\t<p>Strong history, sector leadership based on solid foundations. With more than 6.000 product range, more than 20 million monthly production capacity, we make shipment to more than 50 country, we continue to represent our country in the whole World with the great confidence and pride that we have taken from our long-estabilished history.<\/p>\n<h2>\n\t<strong>Education<\/strong>\n\t<\/h2>\n\t<p>Education is a strong component to increase workforce and production. While Atlas Sinker&amp;Needle development methodology with the human investment mentality, we have been using internationally accepted value and standarts, globally developing impact measurement approaches and academic researches.<\/p>\n<h2>\n\t<strong>Quality Approach<\/strong>\n\t<\/h2>\n\t<p>Atlas Sinker&amp;Needle embraced the values required by the modern day quality philosophy since it was founded, and to go beyond further of international standart like production technology, human resources, enviromental consciousness, energy management, customer satisfaction and adopted as a principle to design quality process in measurable and controllable in every stage.<\/p>\n<p>Our company, while making investment in the fields of upgrade and sustainability, on the other hand we work to create future quality metrics that is above the expectation of the customer.<\/p>\n\t<p>&nbsp;<\/p>\n<p>Atlas Sinker&amp;Needle which is one of the few manufacturer in the World, not only succeeded in being an example to the Textile industry which has great responsibility in the design and implementation of Quality Management Systems, but also all the sectors that it interacts.<\/p>\n<p>Our Production Quality goal is not only to meet the needs of customers and Textile industry for today, but also tomorrow and to adapt the executed quality with the designed quality.<\/p>\n<p>With our scientific approach policy in the fields of Quality Assurance and Sustainability, which is developing day by day, we contribute to both our sector and Total Quality Management processes by working on the new production, measurement and evaluation methods.<\/p>\n\t\t\t\t<a href=\"https:\/\/nex.vamtam.com\/\" target=\"_self\" itemprop=\"url\" title=\"Ba\u015fl\u0131ks\u0131z-3\" rel=\"noopener\">\n\t\t\t\t\t\t\t<img decoding=\"async\" loading=\"lazy\" src=\"https:\/\/atlasneedle.com\/wp-content\/uploads\/2017\/07\/Basliksiz-3.png\" alt=\"Ba\u015fl\u0131ks\u0131z-3\" itemprop=\"image\" height=\"92\" width=\"475\" data-link-type=\"url\" title=\"Ba\u015fl\u0131ks\u0131z-3\" onerror=\"this.style.display='none'\"  sizes=\"auto, (max-width: 768px) 100vw, 100vw\" srcset=\"data:image\/svg+xml;utf8,&lt;svg%20xmlns=&quot;http:\/\/www.w3.org\/2000\/svg&quot;%20viewBox=&quot;0%200%20475%2092&quot;%20height=&quot;92px&quot;%20width=&quot;475px&quot;\/&gt;\" data-srcset=\"https:\/\/atlasneedle.com\/wp-content\/uploads\/2017\/07\/Basliksiz-3.png 475w, https:\/\/atlasneedle.com\/wp-content\/uploads\/2017\/07\/Basliksiz-3-300x58.png 300w, https:\/\/atlasneedle.com\/wp-content\/uploads\/2017\/07\/Basliksiz-3-420x81.png 420w, https:\/\/atlasneedle.com\/wp-content\/uploads\/2017\/07\/Basliksiz-3-315x61.png 315w\" \/>\t\t\t\t\t\t<\/a>\n\t<a href=\"\/en\/contact\" target=\"_self\" role=\"button\" rel=\"noopener\">\n\t\t\t\t\tContact\n\t<\/a>\n\t<h4><strong>Our Istanbul Office<\/strong><\/h4>\n<h5>\n\tAddress\n\t<\/h5>\n\t<p>\u00c7iftehavuzlar Cad. 1. Zer San. Sit. B Blok No: 25\/R Bayrampa\u015fa &#8211; Istanbul \/ Turkey<\/p>\n<h5>\n\tContact information\n\t<\/h5>\n\t<p>+90 212 613 40 97<\/p>\n<p>contact@atlasneedle.com<\/p>\n\t<h4><strong>Our Factory<\/strong><\/h4>\n<h5>\n\tAddress\n\t<\/h5>\n\t<p>Cumhuriyet Mah. Yeni San. Alan\u0131 555. Sok. No: 5 Babaeski &#8211; K\u0131rklareli \/ Turkey<\/p>\n<h5>\n\tContact information\n\t<\/h5>\n\t<p>+90 288 512 06 89<\/p>\n<p>contact@atlasneedle.com<\/p>\n\t<p><img loading=\"lazy\" decoding=\"async\" src=\"https:\/\/atlasneedle.com\/wp-content\/uploads\/2022\/07\/Artboard_en.png\" alt=\"\" width=\"662\" height=\"61\" \/><\/p>\n\n<\/div><!-- .vgblk-rw-wrapper -->","protected":false},"excerpt":{"rendered":"<p>The first and only in T\u00fcrkiye! Strong history, sector leadership based on solid foundations. With more than 6.000 product range, more than 20 million monthly production capacity, we make shipment to more than 50 country, we continue to represent our country in the whole World with the great confidence and pride that we have taken&#8230;<\/p>\n","protected":false},"author":1,"featured_media":0,"parent":0,"menu_order":0,"comment_status":"closed","ping_status":"closed","template":"","meta":{"inline_featured_image":false,"footnotes":""},"class_list":["post-988524","page","type-page","status-publish","hentry"],"_links":{"self":[{"href":"https:\/\/atlasneedle.com\/en\/wp-json\/wp\/v2\/pages\/988524","targetHints":{"allow":["GET"]}}],"collection":[{"href":"https:\/\/atlasneedle.com\/en\/wp-json\/wp\/v2\/pages"}],"about":[{"href":"https:\/\/atlasneedle.com\/en\/wp-json\/wp\/v2\/types\/page"}],"author":[{"embeddable":true,"href":"https:\/\/atlasneedle.com\/en\/wp-json\/wp\/v2\/users\/1"}],"replies":[{"embeddable":true,"href":"https:\/\/atlasneedle.com\/en\/wp-json\/wp\/v2\/comments?post=988524"}],"version-history":[{"count":12,"href":"https:\/\/atlasneedle.com\/en\/wp-json\/wp\/v2\/pages\/988524\/revisions"}],"predecessor-version":[{"id":988862,"href":"https:\/\/atlasneedle.com\/en\/wp-json\/wp\/v2\/pages\/988524\/revisions\/988862"}],"wp:attachment":[{"href":"https:\/\/atlasneedle.com\/en\/wp-json\/wp\/v2\/media?parent=988524"}],"curies":[{"name":"wp","href":"https:\/\/api.w.org\/{rel}","templated":true}]}}