{"id":988512,"date":"2016-12-05T16:29:56","date_gmt":"2016-12-05T16:29:56","guid":{"rendered":"https:\/\/atlasneedle.com\/anasayfa\/"},"modified":"2022-07-26T11:04:41","modified_gmt":"2022-07-26T11:04:41","slug":"anasayfa","status":"publish","type":"page","link":"https:\/\/atlasneedle.com\/en\/","title":{"rendered":"Home"},"content":{"rendered":"<div class=\"vgblk-rw-wrapper limit-wrapper\">\n\n\t\t\t\t\t\t\t<img decoding=\"async\" loading=\"lazy\" src=\"https:\/\/atlasneedle.com\/wp-content\/uploads\/2022\/06\/icon1-1.png\" alt=\"icon1\" itemprop=\"image\" height=\"100\" width=\"100\" title=\"icon1\" onerror=\"this.style.display='none'\" \/>\t\t\t\t\t\t\t\n<h3>\n\tNational and Global\n\t<\/h3>\n\t<p>As a Atlas Sinker&amp;Needle, with our quality products, high R&amp;D and P&amp;D ability and fast production lines we continue to be solution partner to our partners both in national and global market.<\/p>\n\t\t\t\t\t\t\t<img decoding=\"async\" loading=\"lazy\" src=\"https:\/\/atlasneedle.com\/wp-content\/uploads\/2022\/06\/icon3.png\" alt=\"icon3\" itemprop=\"image\" height=\"100\" width=\"100\" title=\"icon3\" onerror=\"this.style.display='none'\" \/>\t\t\t\t\t\t\t\n<h3>\n\tProduction\n\t<\/h3>\n\t<p>With our high R&amp;D and P&amp;D power and customer needs focused product vision, we generate special solutions for you and increase work efficiency.<\/p>\n\t\t\t\t\t\t\t<img decoding=\"async\" loading=\"lazy\" src=\"https:\/\/atlasneedle.com\/wp-content\/uploads\/2022\/06\/icon4.png\" alt=\"icon4\" itemprop=\"image\" height=\"100\" width=\"100\" title=\"icon4\" onerror=\"this.style.display='none'\" \/>\t\t\t\t\t\t\t\n<h3>\n\t\t\t<a href=\"\/products-solutions\/industrial-construction\/\" title=\"Quality\" target=\"_self\" rel=\"noopener\">\n\tQuality\n\t\t\t<\/a>\n\t<\/h3>\n\t<p><strong>With <\/strong>the quality and trust policy that we have created; from order to production, from production to shipment, from shipment to customer satisfaction&#8230;<\/p>\n\t\t\t\t\t\t\t<img decoding=\"async\" loading=\"lazy\" src=\"https:\/\/atlasneedle.com\/wp-content\/uploads\/2022\/06\/icon2.png\" alt=\"icon2\" itemprop=\"image\" height=\"100\" width=\"100\" title=\"icon2\" onerror=\"this.style.display='none'\" \/>\t\t\t\t\t\t\t\n<h3>\n\tExpert Staff\n\t<\/h3>\n\t<p>Since the day Atlas Sinker&amp;Needle was founded, we have been executing our production with leading expert, knowledgeable, successful and dynamic worker staff.<\/p>\n<h5>\n\tDiscover the difference with us\n\t<\/h5>\n\t<h2><strong>Our products<\/strong><\/h2>\n\t\t\t\t<a href=\"https:\/\/atlasneedle.com\/wp-content\/uploads\/2022\/06\/duz.pdf\" target=\"_blank\" rel=\"noopener\" itemprop=\"url\" title=\"d\u00fcz copy 6 8.6.2022\">\n\t\t\t\t\t\t\t<img decoding=\"async\" loading=\"lazy\" src=\"https:\/\/atlasneedle.com\/wp-content\/uploads\/2022\/06\/duz-copy-6-8.6.2022.png\" alt=\"d\u00fcz copy 6 8.6.2022\" itemprop=\"image\" height=\"952\" width=\"952\" data-link-type=\"url\" title=\"d\u00fcz copy 6 8.6.2022\" onerror=\"this.style.display='none'\"  sizes=\"auto, (max-width: 768px) 100vw, 100vw\" srcset=\"data:image\/svg+xml;utf8,&lt;svg%20xmlns=&quot;http:\/\/www.w3.org\/2000\/svg&quot;%20viewBox=&quot;0%200%20952%20952&quot;%20height=&quot;952px&quot;%20width=&quot;952px&quot;\/&gt;\" data-srcset=\"https:\/\/atlasneedle.com\/wp-content\/uploads\/2022\/06\/duz-copy-6-8.6.2022.png 952w, https:\/\/atlasneedle.com\/wp-content\/uploads\/2022\/06\/duz-copy-6-8.6.2022-150x150@2x.png 300w, https:\/\/atlasneedle.com\/wp-content\/uploads\/2022\/06\/duz-copy-6-8.6.2022-150x150.png 150w, https:\/\/atlasneedle.com\/wp-content\/uploads\/2022\/06\/duz-copy-6-8.6.2022-315x315@2x.png 630w, https:\/\/atlasneedle.com\/wp-content\/uploads\/2022\/06\/duz-copy-6-8.6.2022-420x420.png 420w, https:\/\/atlasneedle.com\/wp-content\/uploads\/2022\/06\/duz-copy-6-8.6.2022-840x840.png 840w, https:\/\/atlasneedle.com\/wp-content\/uploads\/2022\/06\/duz-copy-6-8.6.2022-315x315.png 315w, https:\/\/atlasneedle.com\/wp-content\/uploads\/2022\/06\/duz-copy-6-8.6.2022-300x300@2x.png 600w\" \/>\t\t\t\t\t\t<\/a>\n<h4>\n\t\t<a href=\"https:\/\/atlasneedle.com\/wp-content\/uploads\/2022\/06\/duz.pdf\" title=\"Flat Knitting Sinkers &amp; Needles\" target=\"_blank\" rel=\"noopener\">\n\t\tFlat Knitting Sinkers &#038; Needles\n\t\t<\/a>\n\t<\/h4>\n\t\t\t\t<a href=\"https:\/\/atlasneedle.com\/wp-content\/uploads\/2022\/06\/yuvarlak.pdf\" target=\"_blank\" rel=\"noopener\" itemprop=\"url\" title=\"yuvarlak copy 6 8.6.2022\">\n\t\t\t\t\t\t\t<img decoding=\"async\" loading=\"lazy\" src=\"https:\/\/atlasneedle.com\/wp-content\/uploads\/2022\/06\/yuvarlak-copy-6-8.6.2022.png\" alt=\"yuvarlak copy 6 8.6.2022\" itemprop=\"image\" height=\"952\" width=\"952\" data-link-type=\"url\" title=\"yuvarlak copy 6 8.6.2022\" onerror=\"this.style.display='none'\"  sizes=\"auto, (max-width: 768px) 100vw, 100vw\" srcset=\"data:image\/svg+xml;utf8,&lt;svg%20xmlns=&quot;http:\/\/www.w3.org\/2000\/svg&quot;%20viewBox=&quot;0%200%20952%20952&quot;%20height=&quot;952px&quot;%20width=&quot;952px&quot;\/&gt;\" data-srcset=\"https:\/\/atlasneedle.com\/wp-content\/uploads\/2022\/06\/yuvarlak-copy-6-8.6.2022.png 952w, https:\/\/atlasneedle.com\/wp-content\/uploads\/2022\/06\/yuvarlak-copy-6-8.6.2022-150x150@2x.png 300w, https:\/\/atlasneedle.com\/wp-content\/uploads\/2022\/06\/yuvarlak-copy-6-8.6.2022-150x150.png 150w, https:\/\/atlasneedle.com\/wp-content\/uploads\/2022\/06\/yuvarlak-copy-6-8.6.2022-315x315@2x.png 630w, https:\/\/atlasneedle.com\/wp-content\/uploads\/2022\/06\/yuvarlak-copy-6-8.6.2022-420x420.png 420w, https:\/\/atlasneedle.com\/wp-content\/uploads\/2022\/06\/yuvarlak-copy-6-8.6.2022-840x840.png 840w, https:\/\/atlasneedle.com\/wp-content\/uploads\/2022\/06\/yuvarlak-copy-6-8.6.2022-315x315.png 315w, https:\/\/atlasneedle.com\/wp-content\/uploads\/2022\/06\/yuvarlak-copy-6-8.6.2022-300x300@2x.png 600w\" \/>\t\t\t\t\t\t<\/a>\n<h4>\n\t\t<a href=\"https:\/\/atlasneedle.com\/wp-content\/uploads\/2022\/06\/yuvarlak.pdf\" title=\"Circular Knitting Sinkers &amp; Needles\" target=\"_blank\" rel=\"noopener\">\n\t\tCircular Knitting Sinkers &#038; Needles\n\t\t<\/a>\n\t<\/h4>\n\t\t\t\t<a href=\"https:\/\/atlasneedle.com\/wp-content\/uploads\/2022\/06\/corap.pdf\" target=\"_blank\" rel=\"noopener\" itemprop=\"url\" title=\"\u00e7orap (3)\">\n\t\t\t\t\t\t\t<img decoding=\"async\" loading=\"lazy\" src=\"https:\/\/atlasneedle.com\/wp-content\/uploads\/2022\/06\/corap-3.png\" alt=\"\u00e7orap (3)\" itemprop=\"image\" height=\"952\" width=\"952\" data-link-type=\"url\" title=\"\u00e7orap (3)\" onerror=\"this.style.display='none'\"  sizes=\"auto, (max-width: 768px) 100vw, 100vw\" srcset=\"data:image\/svg+xml;utf8,&lt;svg%20xmlns=&quot;http:\/\/www.w3.org\/2000\/svg&quot;%20viewBox=&quot;0%200%20952%20952&quot;%20height=&quot;952px&quot;%20width=&quot;952px&quot;\/&gt;\" data-srcset=\"https:\/\/atlasneedle.com\/wp-content\/uploads\/2022\/06\/corap-3.png 952w, https:\/\/atlasneedle.com\/wp-content\/uploads\/2022\/06\/corap-3-150x150@2x.png 300w, https:\/\/atlasneedle.com\/wp-content\/uploads\/2022\/06\/corap-3-150x150.png 150w, https:\/\/atlasneedle.com\/wp-content\/uploads\/2022\/06\/corap-3-315x315@2x.png 630w, https:\/\/atlasneedle.com\/wp-content\/uploads\/2022\/06\/corap-3-420x420.png 420w, https:\/\/atlasneedle.com\/wp-content\/uploads\/2022\/06\/corap-3-840x840.png 840w, https:\/\/atlasneedle.com\/wp-content\/uploads\/2022\/06\/corap-3-315x315.png 315w, https:\/\/atlasneedle.com\/wp-content\/uploads\/2022\/06\/corap-3-300x300@2x.png 600w\" \/>\t\t\t\t\t\t<\/a>\n<h4>\n\t\t<a href=\"https:\/\/atlasneedle.com\/wp-content\/uploads\/2022\/06\/corap.pdf\" title=\"Socks Knitting Sinkers &amp; Needles\" target=\"_blank\" rel=\"noopener\">\n\t\tSocks Knitting Sinkers &#038; Needles\n\t\t<\/a>\n\t<\/h4>\n\t<a href=\"\/urunlerimiz\" target=\"_self\" role=\"button\" rel=\"noopener\">\n\t\t\t\t\tDiscover Our Products\n\t<\/a>\n\t<h2><strong>Special Production<\/strong><br \/>\n for every need<\/h2>\n\t<p>Small details like improving the production quality to further and producing products that can not be produced by rival producers create big differences.<\/p>\n<p>As Atlas Sinker&amp;Needle, we understand your needs and collaborate with you for your special production knitting sinkers and knitting needles suitable for your needs with our experienced and expert production staff. With the special solutions that produced by our company, we help you to;<\/p>\n<ul>\n<li>Reduce your wastage rate and improve your current production quality and costs.<\/li>\n<li>By increasing product speed of your machines, improve your current product capacity.<\/li>\n<li>To manufacture fabrics that can not be produced by using standard knitting sinker and needle.<\/li>\n<\/ul>\n\t\t\t\t\t\t\t<img decoding=\"async\" loading=\"lazy\" src=\"https:\/\/atlasneedle.com\/wp-content\/uploads\/2022\/07\/WhatsApp-Image-2022-07-04-at-22.15.27.jpeg\" alt=\"WhatsApp Image 2022-07-04 at 22.15.27\" itemprop=\"image\" height=\"900\" width=\"1600\" title=\"WhatsApp Image 2022-07-04 at 22.15.27\" onerror=\"this.style.display='none'\"  sizes=\"auto, (max-width: 768px) 100vw, 100vw\" srcset=\"data:image\/svg+xml;utf8,&lt;svg%20xmlns=&quot;http:\/\/www.w3.org\/2000\/svg&quot;%20viewBox=&quot;0%200%201600%20900&quot;%20height=&quot;900px&quot;%20width=&quot;1600px&quot;\/&gt;\" data-srcset=\"https:\/\/atlasneedle.com\/wp-content\/uploads\/2022\/07\/WhatsApp-Image-2022-07-04-at-22.15.27.jpeg 1600w, https:\/\/atlasneedle.com\/wp-content\/uploads\/2022\/07\/WhatsApp-Image-2022-07-04-at-22.15.27-300x169.jpeg 300w, https:\/\/atlasneedle.com\/wp-content\/uploads\/2022\/07\/WhatsApp-Image-2022-07-04-at-22.15.27-1024x576.jpeg 1024w, https:\/\/atlasneedle.com\/wp-content\/uploads\/2022\/07\/WhatsApp-Image-2022-07-04-at-22.15.27-1536x864.jpeg 1536w, https:\/\/atlasneedle.com\/wp-content\/uploads\/2022\/07\/WhatsApp-Image-2022-07-04-at-22.15.27-630x354@2x.jpeg 1260w, https:\/\/atlasneedle.com\/wp-content\/uploads\/2022\/07\/WhatsApp-Image-2022-07-04-at-22.15.27-315x177@2x.jpeg 630w, https:\/\/atlasneedle.com\/wp-content\/uploads\/2022\/07\/WhatsApp-Image-2022-07-04-at-22.15.27-420x236.jpeg 420w, https:\/\/atlasneedle.com\/wp-content\/uploads\/2022\/07\/WhatsApp-Image-2022-07-04-at-22.15.27-840x473.jpeg 840w, https:\/\/atlasneedle.com\/wp-content\/uploads\/2022\/07\/WhatsApp-Image-2022-07-04-at-22.15.27-315x177.jpeg 315w, https:\/\/atlasneedle.com\/wp-content\/uploads\/2022\/07\/WhatsApp-Image-2022-07-04-at-22.15.27-300x169@2x.jpeg 600w\" \/>\t\t\t\t\t\t\t\n\t<h2><strong>High Quality<\/strong><br \/>\nProduction<\/h2>\n\t<p>Every single product that manufactured, from purchase of raw material to packing, gets checked at every stage of the production and our tests and analyzes have done with great care. All our processes are secured with the quality standards that accepted worldwide.<\/p>\n\t\u25ce \u00a0\u00a0 Circular Knitting Sinker and Needles<br \/>\n\u25ce \u00a0\u00a0 Socks Knitting Sinker and Needles<br \/>\n\u25ce\u00a0 \u00a0 Flat Knitting Sinker and Needles\n\t<a href=\"#\" target=\"_self\" role=\"button\" rel=\"noopener\">\n\t\t\t\t\tProduct Groups\n\t<\/a>\n\t\t\t\t\t\t\t<img decoding=\"async\" loading=\"lazy\" src=\"https:\/\/atlasneedle.com\/wp-content\/uploads\/2022\/06\/kalite-rozetlerikucuksol.png\" alt=\"kalite rozetlerik\u00fc\u00e7\u00fcksol\" itemprop=\"image\" height=\"110\" width=\"447\" title=\"kalite rozetlerik\u00fc\u00e7\u00fcksol\" onerror=\"this.style.display='none'\"  sizes=\"auto, (max-width: 768px) 100vw, 100vw\" srcset=\"data:image\/svg+xml;utf8,&lt;svg%20xmlns=&quot;http:\/\/www.w3.org\/2000\/svg&quot;%20viewBox=&quot;0%200%20447%20110&quot;%20height=&quot;110px&quot;%20width=&quot;447px&quot;\/&gt;\" data-srcset=\"https:\/\/atlasneedle.com\/wp-content\/uploads\/2022\/06\/kalite-rozetlerikucuksol.png 447w, https:\/\/atlasneedle.com\/wp-content\/uploads\/2022\/06\/kalite-rozetlerikucuksol-300x74.png 300w, https:\/\/atlasneedle.com\/wp-content\/uploads\/2022\/06\/kalite-rozetlerikucuksol-420x103.png 420w, https:\/\/atlasneedle.com\/wp-content\/uploads\/2022\/06\/kalite-rozetlerikucuksol-315x78.png 315w\" \/>\t\t\t\t\t\t\t\n<h5>\n\tAtlas Sinker Needle\n\t<\/h5>\n\t<h2><strong>Inspiring Success <\/strong><br \/>\nStory<\/h2>\n\t<p>Since the day Atlas Sinker&amp;Needle was founded, under the purpose of producing sinker and needles for Textile machines needed in our sector, with increasing of technology and needs we have improved.<\/p>\n<p>Today, as a first and only knitting sinker manufacturer in Turkey, we have taken our place in prominent brands among World.<\/p>\n\t\t\t\t\t\t\t<img decoding=\"async\" loading=\"lazy\" src=\"https:\/\/atlasneedle.com\/wp-content\/uploads\/2022\/06\/3ANASAYFA-HAKKIMIZDA-ALANI-imza-300x79@2x-1.png\" alt=\"3ANASAYFA-HAKKIMIZDA-ALANI-imza-300x79@2x\" itemprop=\"image\" height=\"158\" width=\"574\" title=\"3ANASAYFA-HAKKIMIZDA-ALANI-imza-300x79@2x\" onerror=\"this.style.display='none'\"  sizes=\"auto, (max-width: 768px) 100vw, 100vw\" srcset=\"data:image\/svg+xml;utf8,&lt;svg%20xmlns=&quot;http:\/\/www.w3.org\/2000\/svg&quot;%20viewBox=&quot;0%200%20574%20158&quot;%20height=&quot;158px&quot;%20width=&quot;574px&quot;\/&gt;\" data-srcset=\"https:\/\/atlasneedle.com\/wp-content\/uploads\/2022\/06\/3ANASAYFA-HAKKIMIZDA-ALANI-imza-300x79@2x-1.png 574w, https:\/\/atlasneedle.com\/wp-content\/uploads\/2022\/06\/3ANASAYFA-HAKKIMIZDA-ALANI-imza-300x79@2x-1-300x83.png 300w, https:\/\/atlasneedle.com\/wp-content\/uploads\/2022\/06\/3ANASAYFA-HAKKIMIZDA-ALANI-imza-300x79@2x-1-420x116.png 420w, https:\/\/atlasneedle.com\/wp-content\/uploads\/2022\/06\/3ANASAYFA-HAKKIMIZDA-ALANI-imza-300x79@2x-1-315x87.png 315w\" \/>\t\t\t\t\t\t\t\n\t<h2><strong>Grow <\/strong><br \/>\ntogether!<\/h2>\n\t<p>As a Atlas family, we take justified pride of contributing to future of our country. To experience this pride, you can join us.<\/p>\n\t<a href=\"\/kariyer\" target=\"_self\" role=\"button\" rel=\"noopener\">\n\t\t\t\t\tCAREER\n\t<\/a>\n<h2>\n\t\tWe are all over the world!\n\t<\/h2>\n\t\t\t\t\t\t\t<img decoding=\"async\" loading=\"lazy\" src=\"https:\/\/atlasneedle.com\/wp-content\/uploads\/2022\/07\/dunyanin-heryerindeyiz-maps-new-1.png\" alt=\"dunyanin-heryerindeyiz-maps-new\" itemprop=\"image\" height=\"523\" width=\"1132\" title=\"dunyanin-heryerindeyiz-maps-new\" onerror=\"this.style.display='none'\"  sizes=\"auto, (max-width: 768px) 100vw, 100vw\" srcset=\"data:image\/svg+xml;utf8,&lt;svg%20xmlns=&quot;http:\/\/www.w3.org\/2000\/svg&quot;%20viewBox=&quot;0%200%201132%20523&quot;%20height=&quot;523px&quot;%20width=&quot;1132px&quot;\/&gt;\" data-srcset=\"https:\/\/atlasneedle.com\/wp-content\/uploads\/2022\/07\/dunyanin-heryerindeyiz-maps-new-1.png 1132w, https:\/\/atlasneedle.com\/wp-content\/uploads\/2022\/07\/dunyanin-heryerindeyiz-maps-new-1-300x139.png 300w, https:\/\/atlasneedle.com\/wp-content\/uploads\/2022\/07\/dunyanin-heryerindeyiz-maps-new-1-1024x473.png 1024w, https:\/\/atlasneedle.com\/wp-content\/uploads\/2022\/07\/dunyanin-heryerindeyiz-maps-new-1-315x146@2x.png 630w, https:\/\/atlasneedle.com\/wp-content\/uploads\/2022\/07\/dunyanin-heryerindeyiz-maps-new-1-420x194.png 420w, https:\/\/atlasneedle.com\/wp-content\/uploads\/2022\/07\/dunyanin-heryerindeyiz-maps-new-1-840x388.png 840w, https:\/\/atlasneedle.com\/wp-content\/uploads\/2022\/07\/dunyanin-heryerindeyiz-maps-new-1-315x146.png 315w, https:\/\/atlasneedle.com\/wp-content\/uploads\/2022\/07\/dunyanin-heryerindeyiz-maps-new-1-300x139@2x.png 600w\" \/>\t\t\t\t\t\t\t\n\t\t\t20,000,000+\n\t\t\t\t\t\t\tProduction Capacity\n\t\t\t50+\n\t\t\t\t\t\t\tExport Country\n\t\t\t6,000+\n\t\t\t\t\t\t\tProduct Type\n\t\t\t\t<a href=\"https:\/\/nex.vamtam.com\/\" target=\"_self\" itemprop=\"url\" title=\"Ba\u015fl\u0131ks\u0131z-3\" rel=\"noopener\">\n\t\t\t\t\t\t\t<img decoding=\"async\" loading=\"lazy\" src=\"https:\/\/atlasneedle.com\/wp-content\/uploads\/2017\/07\/Basliksiz-3.png\" alt=\"Ba\u015fl\u0131ks\u0131z-3\" itemprop=\"image\" height=\"92\" width=\"475\" data-link-type=\"url\" title=\"Ba\u015fl\u0131ks\u0131z-3\" onerror=\"this.style.display='none'\"  sizes=\"auto, (max-width: 768px) 100vw, 100vw\" srcset=\"data:image\/svg+xml;utf8,&lt;svg%20xmlns=&quot;http:\/\/www.w3.org\/2000\/svg&quot;%20viewBox=&quot;0%200%20475%2092&quot;%20height=&quot;92px&quot;%20width=&quot;475px&quot;\/&gt;\" data-srcset=\"https:\/\/atlasneedle.com\/wp-content\/uploads\/2017\/07\/Basliksiz-3.png 475w, https:\/\/atlasneedle.com\/wp-content\/uploads\/2017\/07\/Basliksiz-3-300x58.png 300w, https:\/\/atlasneedle.com\/wp-content\/uploads\/2017\/07\/Basliksiz-3-420x81.png 420w, https:\/\/atlasneedle.com\/wp-content\/uploads\/2017\/07\/Basliksiz-3-315x61.png 315w\" \/>\t\t\t\t\t\t<\/a>\n\t<a href=\"\/en\/contact\" target=\"_self\" role=\"button\" rel=\"noopener\">\n\t\t\t\t\tContact\n\t<\/a>\n\t<h4><strong>Our Istanbul Office<\/strong><\/h4>\n<h5>\n\tAddress\n\t<\/h5>\n\t<p>\u00c7iftehavuzlar Cad. 1. Zer San. Sit. B Blok No: 25\/R Bayrampa\u015fa &#8211; Istanbul \/ Turkey<\/p>\n<h5>\n\tContact information\n\t<\/h5>\n\t<p>+90 212 613 40 97<\/p>\n<p>contact@atlasneedle.com<\/p>\n\t<h4><strong>Our Factory<\/strong><\/h4>\n<h5>\n\tAddress\n\t<\/h5>\n\t<p>Cumhuriyet Mah. Yeni San. Alan\u0131 555. Sok. No: 5 Babaeski &#8211; K\u0131rklareli \/ Turkey<\/p>\n<h5>\n\tContact information\n\t<\/h5>\n\t<p>+90 288 512 06 89<\/p>\n<p>contact@atlasneedle.com<\/p>\n\t<p><img loading=\"lazy\" decoding=\"async\" src=\"https:\/\/atlasneedle.com\/wp-content\/uploads\/2022\/07\/Artboard_en.png\" alt=\"\" width=\"662\" height=\"61\" \/><\/p>\n\n<\/div><!-- .vgblk-rw-wrapper -->","protected":false},"excerpt":{"rendered":"<p>National and Global As a Atlas Sinker&amp;Needle, with our quality products, high R&amp;D and P&amp;D ability and fast production lines we continue to be solution partner to our partners both in national and global market. Production With our high R&amp;D and P&amp;D power and customer needs focused product vision, we generate special solutions for you&#8230;<\/p>\n","protected":false},"author":1,"featured_media":988475,"parent":0,"menu_order":0,"comment_status":"closed","ping_status":"closed","template":"","meta":{"inline_featured_image":false,"footnotes":""},"class_list":["post-988512","page","type-page","status-publish","has-post-thumbnail","hentry"],"_links":{"self":[{"href":"https:\/\/atlasneedle.com\/en\/wp-json\/wp\/v2\/pages\/988512","targetHints":{"allow":["GET"]}}],"collection":[{"href":"https:\/\/atlasneedle.com\/en\/wp-json\/wp\/v2\/pages"}],"about":[{"href":"https:\/\/atlasneedle.com\/en\/wp-json\/wp\/v2\/types\/page"}],"author":[{"embeddable":true,"href":"https:\/\/atlasneedle.com\/en\/wp-json\/wp\/v2\/users\/1"}],"replies":[{"embeddable":true,"href":"https:\/\/atlasneedle.com\/en\/wp-json\/wp\/v2\/comments?post=988512"}],"version-history":[{"count":33,"href":"https:\/\/atlasneedle.com\/en\/wp-json\/wp\/v2\/pages\/988512\/revisions"}],"predecessor-version":[{"id":988857,"href":"https:\/\/atlasneedle.com\/en\/wp-json\/wp\/v2\/pages\/988512\/revisions\/988857"}],"wp:featuredmedia":[{"embeddable":true,"href":"https:\/\/atlasneedle.com\/en\/wp-json\/wp\/v2\/media\/988475"}],"wp:attachment":[{"href":"https:\/\/atlasneedle.com\/en\/wp-json\/wp\/v2\/media?parent=988512"}],"curies":[{"name":"wp","href":"https:\/\/api.w.org\/{rel}","templated":true}]}}